{"id":56,"date":"2017-10-29T11:01:31","date_gmt":"2017-10-29T10:01:31","guid":{"rendered":"http:\/\/domainemahourat.com\/?page_id=56"},"modified":"2025-08-08T11:28:16","modified_gmt":"2025-08-08T09:28:16","slug":"contact","status":"publish","type":"page","link":"http:\/\/domainemahourat.com\/index.php\/contact\/","title":{"rendered":"Contact"},"content":{"rendered":"<p><\/p>\n<h3 class=\"wp-block-heading\"><strong><span style=\"color: #003366;\">RENSEIGNEMENTS ET R\u00c9SERVATIONS<\/span><\/strong><\/h3>\n<p><\/p>\n<p><\/p>\n<p class=\"has-text-align-center\">\n<p><\/p>\n\n<div class=\"wpcf7 no-js\" id=\"wpcf7-f730-o1\" lang=\"fr-FR\" dir=\"ltr\" data-wpcf7-id=\"730\">\n<div class=\"screen-reader-response\"><p role=\"status\" aria-live=\"polite\" aria-atomic=\"true\"><\/p> <ul><\/ul><\/div>\n<form action=\"\/index.php\/wp-json\/wp\/v2\/pages\/56#wpcf7-f730-o1\" method=\"post\" class=\"wpcf7-form init\" aria-label=\"Formulaire de contact\" novalidate=\"novalidate\" data-status=\"init\">\n<fieldset class=\"hidden-fields-container\"><input type=\"hidden\" name=\"_wpcf7\" value=\"730\" \/><input type=\"hidden\" name=\"_wpcf7_version\" value=\"6.1.5\" \/><input type=\"hidden\" name=\"_wpcf7_locale\" value=\"fr_FR\" \/><input type=\"hidden\" name=\"_wpcf7_unit_tag\" value=\"wpcf7-f730-o1\" \/><input type=\"hidden\" name=\"_wpcf7_container_post\" value=\"0\" \/><input type=\"hidden\" name=\"_wpcf7_posted_data_hash\" value=\"\" \/>\n<\/fieldset>\n<p><label> Votre nom (obligatoire)<br \/>\n<span class=\"wpcf7-form-control-wrap\" data-name=\"your-name\"><input size=\"40\" maxlength=\"400\" class=\"wpcf7-form-control wpcf7-text wpcf7-validates-as-required\" aria-required=\"true\" aria-invalid=\"false\" value=\"\" type=\"text\" name=\"your-name\" \/><\/span> <\/label>\n<\/p>\n<p><label> Votre adresse de messagerie (obligatoire)<br \/>\n<span class=\"wpcf7-form-control-wrap\" data-name=\"your-email\"><input size=\"40\" maxlength=\"400\" class=\"wpcf7-form-control wpcf7-email wpcf7-validates-as-required wpcf7-text wpcf7-validates-as-email\" aria-required=\"true\" aria-invalid=\"false\" value=\"\" type=\"email\" name=\"your-email\" \/><\/span> <\/label>\n<\/p>\n<p><label> Date souhait\u00e9e de votre \u00e9v\u00e8nement (obligatoire)<br \/>\n<span class=\"wpcf7-form-control-wrap\" data-name=\"date-713\"><input class=\"wpcf7-form-control wpcf7-date wpcf7-validates-as-required wpcf7-validates-as-date\" aria-required=\"true\" aria-invalid=\"false\" value=\"\" type=\"date\" name=\"date-713\" \/><\/span> <\/label>\n<\/p>\n<p><label> Num\u00e9ro de t\u00e9l\u00e9phone (obligatoire)<br \/>\n<span class=\"wpcf7-form-control-wrap\" data-name=\"tel-745\"><input size=\"40\" maxlength=\"400\" class=\"wpcf7-form-control wpcf7-tel wpcf7-validates-as-required wpcf7-text wpcf7-validates-as-tel\" aria-required=\"true\" aria-invalid=\"false\" value=\"\" type=\"tel\" name=\"tel-745\" \/><\/span> <\/label>\n<\/p>\n<p><label> Objet<br \/>\n<span class=\"wpcf7-form-control-wrap\" data-name=\"your-subject\"><input size=\"40\" maxlength=\"400\" class=\"wpcf7-form-control wpcf7-text\" aria-invalid=\"false\" value=\"\" type=\"text\" name=\"your-subject\" \/><\/span> <\/label>\n<\/p>\n<p><label> Votre demande<br \/>\n<span class=\"wpcf7-form-control-wrap\" data-name=\"your-message\"><textarea cols=\"40\" rows=\"10\" maxlength=\"2000\" class=\"wpcf7-form-control wpcf7-textarea\" aria-invalid=\"false\" name=\"your-message\"><\/textarea><\/span> <\/label>\n<\/p>\n<p><input class=\"wpcf7-form-control wpcf7-submit has-spinner\" type=\"submit\" value=\"Envoyer\" \/>\n<\/p><p style=\"display: none !important;\" class=\"akismet-fields-container\" data-prefix=\"_wpcf7_ak_\"><label>&#916;<textarea name=\"_wpcf7_ak_hp_textarea\" cols=\"45\" rows=\"8\" maxlength=\"100\"><\/textarea><\/label><input type=\"hidden\" id=\"ak_js_1\" name=\"_wpcf7_ak_js\" value=\"40\"\/><script type=\"text\/javascript\">\n\/* <![CDATA[ *\/\ndocument.getElementById( \"ak_js_1\" ).setAttribute( \"value\", ( new Date() ).getTime() );\n\/* ]]> *\/\n<\/script>\n<\/p><div class=\"wpcf7-response-output\" aria-hidden=\"true\"><\/div>\n<\/form>\n<\/div>\n\n<\/p>\n<p><\/p>\n<p class=\"has-text-align-center\">\n<p><\/p>\n<p><\/p>\n<p class=\"has-text-align-center\"><strong>Contactez nous au<\/strong><\/p>\n<p><\/p>\n<p><\/p>\n<p class=\"has-text-align-center\"><strong>06.76.28.64.88<\/strong><\/p>\n<p><\/p>\n<p><\/p>\n<p class=\"has-text-align-center\"><strong>ou <\/strong><\/p>\n<p><\/p>\n<p><\/p>\n<p class=\"has-text-align-center\"><strong>domaine.mahourat@gmail.com<\/strong><\/p>\n<p><\/p>\n<p><div class=\"wp-block-image\"><\/p>\n<figure class=\"aligncenter\"><img loading=\"lazy\" decoding=\"async\" width=\"1894\" height=\"1200\" src=\"http:\/\/domainemahourat.com\/wp-content\/uploads\/2022\/01\/IMG_1858-e1642874289113.jpg\" alt=\"\" class=\"wp-image-645\" srcset=\"http:\/\/domainemahourat.com\/wp-content\/uploads\/2022\/01\/IMG_1858-e1642874289113.jpg 1894w, http:\/\/domainemahourat.com\/wp-content\/uploads\/2022\/01\/IMG_1858-e1642874289113-300x190.jpg 300w, http:\/\/domainemahourat.com\/wp-content\/uploads\/2022\/01\/IMG_1858-e1642874289113-768x487.jpg 768w, http:\/\/domainemahourat.com\/wp-content\/uploads\/2022\/01\/IMG_1858-e1642874289113-1024x649.jpg 1024w, http:\/\/domainemahourat.com\/wp-content\/uploads\/2022\/01\/IMG_1858-e1642874289113-606x384.jpg 606w\" sizes=\"auto, (max-width: 1894px) 100vw, 1894px\" \/><\/figure>\n<p><\/div><\/p>\n","protected":false},"excerpt":{"rendered":"<p>RENSEIGNEMENTS ET R\u00c9SERVATIONS Contactez nous au 06.76.28.64.88 ou domaine.mahourat@gmail.com<\/p>\n","protected":false},"author":1,"featured_media":704,"parent":0,"menu_order":0,"comment_status":"open","ping_status":"closed","template":"","meta":{"_exactmetrics_skip_tracking":false,"_exactmetrics_sitenote_active":false,"_exactmetrics_sitenote_note":"","_exactmetrics_sitenote_category":0,"footnotes":""},"class_list":{"0":"entry","1":"page","2":"publish","3":"author-admin7767","4":"post-56","6":"has-post-thumbnail"},"_links":{"self":[{"href":"http:\/\/domainemahourat.com\/index.php\/wp-json\/wp\/v2\/pages\/56","targetHints":{"allow":["GET"]}}],"collection":[{"href":"http:\/\/domainemahourat.com\/index.php\/wp-json\/wp\/v2\/pages"}],"about":[{"href":"http:\/\/domainemahourat.com\/index.php\/wp-json\/wp\/v2\/types\/page"}],"author":[{"embeddable":true,"href":"http:\/\/domainemahourat.com\/index.php\/wp-json\/wp\/v2\/users\/1"}],"replies":[{"embeddable":true,"href":"http:\/\/domainemahourat.com\/index.php\/wp-json\/wp\/v2\/comments?post=56"}],"version-history":[{"count":38,"href":"http:\/\/domainemahourat.com\/index.php\/wp-json\/wp\/v2\/pages\/56\/revisions"}],"predecessor-version":[{"id":766,"href":"http:\/\/domainemahourat.com\/index.php\/wp-json\/wp\/v2\/pages\/56\/revisions\/766"}],"wp:featuredmedia":[{"embeddable":true,"href":"http:\/\/domainemahourat.com\/index.php\/wp-json\/wp\/v2\/media\/704"}],"wp:attachment":[{"href":"http:\/\/domainemahourat.com\/index.php\/wp-json\/wp\/v2\/media?parent=56"}],"curies":[{"name":"wp","href":"https:\/\/api.w.org\/{rel}","templated":true}]}}