{"id":53,"date":"2017-10-29T11:01:31","date_gmt":"2017-10-29T10:01:31","guid":{"rendered":"http:\/\/domainemahourat.com\/?page_id=53"},"modified":"2025-07-30T14:14:21","modified_gmt":"2025-07-30T12:14:21","slug":"hebergements","status":"publish","type":"page","link":"http:\/\/domainemahourat.com\/index.php\/hebergements\/","title":{"rendered":"H\u00e9bergements"},"content":{"rendered":"<ul>\n<li style=\"text-align: center;\">Grande suite nuptiale de 60m2 literie en 160cm, coin salon, salle d&#8217;eau. Elle dispose d&#8217;une bouilloire, cafeti\u00e8re nespresso, s\u00e8che-cheveux, petits accessoires de toilette, etc.<\/li>\n<li style=\"text-align: center;\">Dortoir \u00e9quip\u00e9 de 14 couchages avec salle d&#8217;eau. Dortoir style refuge de montagne avec des lits sur mesure en bois, il dispose de 6 lits en 90cm et 4 lits en 140cm.<\/li>\n<li style=\"text-align: center;\">Logement de la grande tour pour 7 personnes. Salon avec canap\u00e9 lit, une chambre avec lit de 160cm et une mezzanine compos\u00e9e de 2 lits 140cm et 90cm. Equip\u00e9 cafeti\u00e8re nespresso, bouilloire, s\u00e8che-cheveux etc.<\/li>\n<li>Chambre 2 personnes de plain-pied, literie en 160cm, douche extra plate, nespresso, s\u00e8che-cheveux, etc.<\/li>\n<li style=\"text-align: center;\">3 tipis nomades nus sont disponibles \u00e0 la location sur le Domaine. Chacun peut accueillir 8-10 personnes.<\/li>\n<\/ul>\n<div style=\"text-align: center;\"><\/div>\n<div style=\"text-align: center;\">De nombreux g\u00eetes, h\u00f4tels, chambres d&#8217;h\u00f4tes et h\u00e9bergements insolites sont \u00e0 proximit\u00e9 imm\u00e9diate du domaine afin d&#8217;h\u00e9berger tous vos invit\u00e9s.<\/div>\n<div style=\"text-align: center;\"><\/div>\n<div style=\"text-align: center;\">Un service de taxi, VTC ou de bus peut \u00eatre propos\u00e9 pour raccompagner tous vos invit\u00e9s en s\u00e9curit\u00e9.<\/div>\n<div><\/div>\n<div><\/div>\n<div><\/div>\n<div style=\"text-align: center;\">________<\/div>\n<div><\/div>\n<div><\/div>\n<div><\/div>\n<div><\/div>\n<div>\n\n\t\t<style type=\"text\/css\">\n\t\t\t#gallery-1 {\n\t\t\t\tmargin: auto;\n\t\t\t}\n\t\t\t#gallery-1 .gallery-item {\n\t\t\t\tfloat: left;\n\t\t\t\tmargin-top: 10px;\n\t\t\t\ttext-align: center;\n\t\t\t\twidth: 33%;\n\t\t\t}\n\t\t\t#gallery-1 img {\n\t\t\t\tborder: 2px solid #cfcfcf;\n\t\t\t}\n\t\t\t#gallery-1 .gallery-caption {\n\t\t\t\tmargin-left: 0;\n\t\t\t}\n\t\t\t\/* see gallery_shortcode() in wp-includes\/media.php *\/\n\t\t<\/style>\n\t\t<div id='gallery-1' class='gallery galleryid-53 gallery-columns-3 gallery-size-medium'><dl class='gallery-item'>\n\t\t\t<dt class='gallery-icon landscape'>\n\t\t\t\t<a href='http:\/\/domainemahourat.com\/wp-content\/uploads\/2025\/07\/IMG_9205-1.jpg'><img loading=\"lazy\" decoding=\"async\" width=\"300\" height=\"200\" src=\"http:\/\/domainemahourat.com\/wp-content\/uploads\/2025\/07\/IMG_9205-1-300x200.jpg\" class=\"attachment-medium size-medium\" alt=\"\" aria-describedby=\"gallery-1-692\" srcset=\"http:\/\/domainemahourat.com\/wp-content\/uploads\/2025\/07\/IMG_9205-1-300x200.jpg 300w, http:\/\/domainemahourat.com\/wp-content\/uploads\/2025\/07\/IMG_9205-1-768x511.jpg 768w, http:\/\/domainemahourat.com\/wp-content\/uploads\/2025\/07\/IMG_9205-1-900x599.jpg 900w, http:\/\/domainemahourat.com\/wp-content\/uploads\/2025\/07\/IMG_9205-1-400x266.jpg 400w, http:\/\/domainemahourat.com\/wp-content\/uploads\/2025\/07\/IMG_9205-1.jpg 910w\" sizes=\"auto, (max-width: 300px) 100vw, 300px\" \/><\/a>\n\t\t\t<\/dt>\n\t\t\t\t<dd class='wp-caption-text gallery-caption' id='gallery-1-692'>\n\t\t\t\t@Shuedesign\n\t\t\t\t<\/dd><\/dl><dl class='gallery-item'>\n\t\t\t<dt class='gallery-icon landscape'>\n\t\t\t\t<a href='http:\/\/domainemahourat.com\/wp-content\/uploads\/2022\/01\/IMG_1361.jpg'><img loading=\"lazy\" decoding=\"async\" width=\"300\" height=\"292\" src=\"http:\/\/domainemahourat.com\/wp-content\/uploads\/2022\/01\/IMG_1361-300x292.jpg\" class=\"attachment-medium size-medium\" alt=\"\" srcset=\"http:\/\/domainemahourat.com\/wp-content\/uploads\/2022\/01\/IMG_1361-300x292.jpg 300w, http:\/\/domainemahourat.com\/wp-content\/uploads\/2022\/01\/IMG_1361-768x747.jpg 768w, http:\/\/domainemahourat.com\/wp-content\/uploads\/2022\/01\/IMG_1361-1024x996.jpg 1024w, http:\/\/domainemahourat.com\/wp-content\/uploads\/2022\/01\/IMG_1361-606x590.jpg 606w, http:\/\/domainemahourat.com\/wp-content\/uploads\/2022\/01\/IMG_1361-50x50.jpg 50w, http:\/\/domainemahourat.com\/wp-content\/uploads\/2022\/01\/IMG_1361-20x20.jpg 20w, http:\/\/domainemahourat.com\/wp-content\/uploads\/2022\/01\/IMG_1361.jpg 1154w\" sizes=\"auto, (max-width: 300px) 100vw, 300px\" \/><\/a>\n\t\t\t<\/dt><\/dl><dl class='gallery-item'>\n\t\t\t<dt class='gallery-icon portrait'>\n\t\t\t\t<a href='http:\/\/domainemahourat.com\/wp-content\/uploads\/2025\/07\/IMG_8161.jpg'><img loading=\"lazy\" decoding=\"async\" width=\"171\" height=\"300\" src=\"http:\/\/domainemahourat.com\/wp-content\/uploads\/2025\/07\/IMG_8161-171x300.jpg\" class=\"attachment-medium size-medium\" alt=\"\" srcset=\"http:\/\/domainemahourat.com\/wp-content\/uploads\/2025\/07\/IMG_8161-171x300.jpg 171w, http:\/\/domainemahourat.com\/wp-content\/uploads\/2025\/07\/IMG_8161-584x1024.jpg 584w, http:\/\/domainemahourat.com\/wp-content\/uploads\/2025\/07\/IMG_8161-768x1346.jpg 768w, http:\/\/domainemahourat.com\/wp-content\/uploads\/2025\/07\/IMG_8161-877x1536.jpg 877w, http:\/\/domainemahourat.com\/wp-content\/uploads\/2025\/07\/IMG_8161-1169x2048.jpg 1169w, http:\/\/domainemahourat.com\/wp-content\/uploads\/2025\/07\/IMG_8161-900x1577.jpg 900w, http:\/\/domainemahourat.com\/wp-content\/uploads\/2025\/07\/IMG_8161-400x701.jpg 400w, http:\/\/domainemahourat.com\/wp-content\/uploads\/2025\/07\/IMG_8161.jpg 1179w\" sizes=\"auto, (max-width: 171px) 100vw, 171px\" \/><\/a>\n\t\t\t<\/dt><\/dl><br style=\"clear: both\" \/><dl class='gallery-item'>\n\t\t\t<dt class='gallery-icon landscape'>\n\t\t\t\t<a href='http:\/\/domainemahourat.com\/wp-content\/uploads\/2019\/08\/IMG_7033.jpg'><img loading=\"lazy\" decoding=\"async\" width=\"300\" height=\"225\" src=\"http:\/\/domainemahourat.com\/wp-content\/uploads\/2019\/08\/IMG_7033-300x225.jpg\" class=\"attachment-medium size-medium\" alt=\"\" srcset=\"http:\/\/domainemahourat.com\/wp-content\/uploads\/2019\/08\/IMG_7033-300x225.jpg 300w, http:\/\/domainemahourat.com\/wp-content\/uploads\/2019\/08\/IMG_7033-768x576.jpg 768w, http:\/\/domainemahourat.com\/wp-content\/uploads\/2019\/08\/IMG_7033-1024x768.jpg 1024w, http:\/\/domainemahourat.com\/wp-content\/uploads\/2019\/08\/IMG_7033.jpg 2016w\" sizes=\"auto, (max-width: 300px) 100vw, 300px\" \/><\/a>\n\t\t\t<\/dt><\/dl><dl class='gallery-item'>\n\t\t\t<dt class='gallery-icon portrait'>\n\t\t\t\t<a href='http:\/\/domainemahourat.com\/wp-content\/uploads\/2020\/10\/IMG_0640.jpg'><img loading=\"lazy\" decoding=\"async\" width=\"280\" height=\"300\" src=\"http:\/\/domainemahourat.com\/wp-content\/uploads\/2020\/10\/IMG_0640-280x300.jpg\" class=\"attachment-medium size-medium\" alt=\"\" srcset=\"http:\/\/domainemahourat.com\/wp-content\/uploads\/2020\/10\/IMG_0640-280x300.jpg 280w, http:\/\/domainemahourat.com\/wp-content\/uploads\/2020\/10\/IMG_0640-768x823.jpg 768w, http:\/\/domainemahourat.com\/wp-content\/uploads\/2020\/10\/IMG_0640-955x1024.jpg 955w, http:\/\/domainemahourat.com\/wp-content\/uploads\/2020\/10\/IMG_0640.jpg 1194w\" sizes=\"auto, (max-width: 280px) 100vw, 280px\" \/><\/a>\n\t\t\t<\/dt><\/dl><dl class='gallery-item'>\n\t\t\t<dt class='gallery-icon landscape'>\n\t\t\t\t<a href='http:\/\/domainemahourat.com\/wp-content\/uploads\/2020\/10\/DSC_1252.jpg'><img loading=\"lazy\" decoding=\"async\" width=\"300\" height=\"200\" src=\"http:\/\/domainemahourat.com\/wp-content\/uploads\/2020\/10\/DSC_1252-300x200.jpg\" class=\"attachment-medium size-medium\" alt=\"\" srcset=\"http:\/\/domainemahourat.com\/wp-content\/uploads\/2020\/10\/DSC_1252-300x200.jpg 300w, http:\/\/domainemahourat.com\/wp-content\/uploads\/2020\/10\/DSC_1252-768x511.jpg 768w, http:\/\/domainemahourat.com\/wp-content\/uploads\/2020\/10\/DSC_1252-1024x681.jpg 1024w\" sizes=\"auto, (max-width: 300px) 100vw, 300px\" \/><\/a>\n\t\t\t<\/dt><\/dl><br style=\"clear: both\" \/><dl class='gallery-item'>\n\t\t\t<dt class='gallery-icon landscape'>\n\t\t\t\t<a href='http:\/\/domainemahourat.com\/wp-content\/uploads\/2022\/01\/IMG_8997.jpg'><img loading=\"lazy\" decoding=\"async\" width=\"300\" height=\"225\" src=\"http:\/\/domainemahourat.com\/wp-content\/uploads\/2022\/01\/IMG_8997-300x225.jpg\" class=\"attachment-medium size-medium\" alt=\"\" srcset=\"http:\/\/domainemahourat.com\/wp-content\/uploads\/2022\/01\/IMG_8997-300x225.jpg 300w, http:\/\/domainemahourat.com\/wp-content\/uploads\/2022\/01\/IMG_8997-768x576.jpg 768w, http:\/\/domainemahourat.com\/wp-content\/uploads\/2022\/01\/IMG_8997-1024x768.jpg 1024w, http:\/\/domainemahourat.com\/wp-content\/uploads\/2022\/01\/IMG_8997-606x455.jpg 606w, http:\/\/domainemahourat.com\/wp-content\/uploads\/2022\/01\/IMG_8997-990x742.jpg 990w, http:\/\/domainemahourat.com\/wp-content\/uploads\/2022\/01\/IMG_8997-730x547.jpg 730w\" sizes=\"auto, (max-width: 300px) 100vw, 300px\" \/><\/a>\n\t\t\t<\/dt><\/dl><dl class='gallery-item'>\n\t\t\t<dt class='gallery-icon landscape'>\n\t\t\t\t<a href='http:\/\/domainemahourat.com\/wp-content\/uploads\/2022\/01\/IMG_9169-1.jpg'><img loading=\"lazy\" decoding=\"async\" width=\"300\" height=\"193\" src=\"http:\/\/domainemahourat.com\/wp-content\/uploads\/2022\/01\/IMG_9169-1-300x193.jpg\" class=\"attachment-medium size-medium\" alt=\"\" srcset=\"http:\/\/domainemahourat.com\/wp-content\/uploads\/2022\/01\/IMG_9169-1-300x193.jpg 300w, http:\/\/domainemahourat.com\/wp-content\/uploads\/2022\/01\/IMG_9169-1-768x494.jpg 768w, http:\/\/domainemahourat.com\/wp-content\/uploads\/2022\/01\/IMG_9169-1-1024x659.jpg 1024w, http:\/\/domainemahourat.com\/wp-content\/uploads\/2022\/01\/IMG_9169-1-606x390.jpg 606w\" sizes=\"auto, (max-width: 300px) 100vw, 300px\" \/><\/a>\n\t\t\t<\/dt><\/dl><dl class='gallery-item'>\n\t\t\t<dt class='gallery-icon portrait'>\n\t\t\t\t<a href='http:\/\/domainemahourat.com\/wp-content\/uploads\/2025\/07\/E83F238F-B8A0-4AF1-8878-90050653732E-1-scaled.jpg'><img loading=\"lazy\" decoding=\"async\" width=\"240\" height=\"300\" src=\"http:\/\/domainemahourat.com\/wp-content\/uploads\/2025\/07\/E83F238F-B8A0-4AF1-8878-90050653732E-1-scaled-240x300.jpg\" class=\"attachment-medium size-medium\" alt=\"\" srcset=\"http:\/\/domainemahourat.com\/wp-content\/uploads\/2025\/07\/E83F238F-B8A0-4AF1-8878-90050653732E-1-scaled-240x300.jpg 240w, http:\/\/domainemahourat.com\/wp-content\/uploads\/2025\/07\/E83F238F-B8A0-4AF1-8878-90050653732E-1-scaled-819x1024.jpg 819w, http:\/\/domainemahourat.com\/wp-content\/uploads\/2025\/07\/E83F238F-B8A0-4AF1-8878-90050653732E-1-768x960.jpg 768w, http:\/\/domainemahourat.com\/wp-content\/uploads\/2025\/07\/E83F238F-B8A0-4AF1-8878-90050653732E-1-scaled-1229x1536.jpg 1229w, http:\/\/domainemahourat.com\/wp-content\/uploads\/2025\/07\/E83F238F-B8A0-4AF1-8878-90050653732E-1-scaled-1638x2048.jpg 1638w, http:\/\/domainemahourat.com\/wp-content\/uploads\/2025\/07\/E83F238F-B8A0-4AF1-8878-90050653732E-1-scaled.jpg 2048w, http:\/\/domainemahourat.com\/wp-content\/uploads\/2025\/07\/E83F238F-B8A0-4AF1-8878-90050653732E-1-1200x1500.jpg 1200w, http:\/\/domainemahourat.com\/wp-content\/uploads\/2025\/07\/E83F238F-B8A0-4AF1-8878-90050653732E-1-900x1125.jpg 900w, http:\/\/domainemahourat.com\/wp-content\/uploads\/2025\/07\/E83F238F-B8A0-4AF1-8878-90050653732E-1-400x500.jpg 400w\" sizes=\"auto, (max-width: 240px) 100vw, 240px\" \/><\/a>\n\t\t\t<\/dt><\/dl><br style=\"clear: both\" \/><dl class='gallery-item'>\n\t\t\t<dt class='gallery-icon portrait'>\n\t\t\t\t<a href='http:\/\/domainemahourat.com\/wp-content\/uploads\/2025\/07\/6683A417-8766-4166-A58B-63D04B04DA72-scaled.jpeg'><img loading=\"lazy\" decoding=\"async\" width=\"225\" height=\"300\" src=\"http:\/\/domainemahourat.com\/wp-content\/uploads\/2025\/07\/6683A417-8766-4166-A58B-63D04B04DA72-scaled-225x300.jpeg\" class=\"attachment-medium size-medium\" alt=\"\" srcset=\"http:\/\/domainemahourat.com\/wp-content\/uploads\/2025\/07\/6683A417-8766-4166-A58B-63D04B04DA72-scaled-225x300.jpeg 225w, http:\/\/domainemahourat.com\/wp-content\/uploads\/2025\/07\/6683A417-8766-4166-A58B-63D04B04DA72-768x1024.jpeg 768w, http:\/\/domainemahourat.com\/wp-content\/uploads\/2025\/07\/6683A417-8766-4166-A58B-63D04B04DA72-1152x1536.jpeg 1152w, http:\/\/domainemahourat.com\/wp-content\/uploads\/2025\/07\/6683A417-8766-4166-A58B-63D04B04DA72-1536x2048.jpeg 1536w, http:\/\/domainemahourat.com\/wp-content\/uploads\/2025\/07\/6683A417-8766-4166-A58B-63D04B04DA72-2048x2730.jpeg 2048w, http:\/\/domainemahourat.com\/wp-content\/uploads\/2025\/07\/6683A417-8766-4166-A58B-63D04B04DA72-1200x1600.jpeg 1200w, http:\/\/domainemahourat.com\/wp-content\/uploads\/2025\/07\/6683A417-8766-4166-A58B-63D04B04DA72-900x1200.jpeg 900w, http:\/\/domainemahourat.com\/wp-content\/uploads\/2025\/07\/6683A417-8766-4166-A58B-63D04B04DA72-400x533.jpeg 400w, http:\/\/domainemahourat.com\/wp-content\/uploads\/2025\/07\/6683A417-8766-4166-A58B-63D04B04DA72-scaled.jpeg 1920w\" sizes=\"auto, (max-width: 225px) 100vw, 225px\" \/><\/a>\n\t\t\t<\/dt><\/dl><dl class='gallery-item'>\n\t\t\t<dt class='gallery-icon landscape'>\n\t\t\t\t<a href='http:\/\/domainemahourat.com\/wp-content\/uploads\/2023\/03\/D28F9DB8-7717-4BF9-A176-9E769816AD1E.jpeg'><img loading=\"lazy\" decoding=\"async\" width=\"300\" height=\"283\" src=\"http:\/\/domainemahourat.com\/wp-content\/uploads\/2023\/03\/D28F9DB8-7717-4BF9-A176-9E769816AD1E-300x283.jpeg\" class=\"attachment-medium size-medium\" alt=\"\" srcset=\"http:\/\/domainemahourat.com\/wp-content\/uploads\/2023\/03\/D28F9DB8-7717-4BF9-A176-9E769816AD1E-300x283.jpeg 300w, http:\/\/domainemahourat.com\/wp-content\/uploads\/2023\/03\/D28F9DB8-7717-4BF9-A176-9E769816AD1E-768x724.jpeg 768w, http:\/\/domainemahourat.com\/wp-content\/uploads\/2023\/03\/D28F9DB8-7717-4BF9-A176-9E769816AD1E-1024x965.jpeg 1024w, http:\/\/domainemahourat.com\/wp-content\/uploads\/2023\/03\/D28F9DB8-7717-4BF9-A176-9E769816AD1E-606x571.jpeg 606w, http:\/\/domainemahourat.com\/wp-content\/uploads\/2023\/03\/D28F9DB8-7717-4BF9-A176-9E769816AD1E-20x20.jpeg 20w\" sizes=\"auto, (max-width: 300px) 100vw, 300px\" \/><\/a>\n\t\t\t<\/dt><\/dl>\n\t\t\t<br style='clear: both' \/>\n\t\t<\/div>\n\n<\/div>\n","protected":false},"excerpt":{"rendered":"<p>Grande suite nuptiale de 60m2 literie en 160cm, coin salon, salle d&#8217;eau. Elle dispose d&#8217;une bouilloire, cafeti\u00e8re nespresso, s\u00e8che-cheveux, petits accessoires de toilette, etc. Dortoir \u00e9quip\u00e9 de 14 couchages avec salle d&#8217;eau. Dortoir style refuge de montagne avec des lits sur mesure en bois, il dispose de 6 lits en 90cm et 4 lits en &#8230; <span class=\"more\"><a class=\"more-link\" href=\"http:\/\/domainemahourat.com\/index.php\/hebergements\/\">[Read more&#8230;]<\/a><\/span><\/p>\n","protected":false},"author":1,"featured_media":693,"parent":0,"menu_order":0,"comment_status":"closed","ping_status":"closed","template":"","meta":{"_exactmetrics_skip_tracking":false,"_exactmetrics_sitenote_active":false,"_exactmetrics_sitenote_note":"","_exactmetrics_sitenote_category":0,"footnotes":""},"class_list":{"0":"entry","1":"page","2":"publish","3":"author-admin7767","4":"post-53","6":"has-post-thumbnail"},"_links":{"self":[{"href":"http:\/\/domainemahourat.com\/index.php\/wp-json\/wp\/v2\/pages\/53","targetHints":{"allow":["GET"]}}],"collection":[{"href":"http:\/\/domainemahourat.com\/index.php\/wp-json\/wp\/v2\/pages"}],"about":[{"href":"http:\/\/domainemahourat.com\/index.php\/wp-json\/wp\/v2\/types\/page"}],"author":[{"embeddable":true,"href":"http:\/\/domainemahourat.com\/index.php\/wp-json\/wp\/v2\/users\/1"}],"replies":[{"embeddable":true,"href":"http:\/\/domainemahourat.com\/index.php\/wp-json\/wp\/v2\/comments?post=53"}],"version-history":[{"count":26,"href":"http:\/\/domainemahourat.com\/index.php\/wp-json\/wp\/v2\/pages\/53\/revisions"}],"predecessor-version":[{"id":698,"href":"http:\/\/domainemahourat.com\/index.php\/wp-json\/wp\/v2\/pages\/53\/revisions\/698"}],"wp:featuredmedia":[{"embeddable":true,"href":"http:\/\/domainemahourat.com\/index.php\/wp-json\/wp\/v2\/media\/693"}],"wp:attachment":[{"href":"http:\/\/domainemahourat.com\/index.php\/wp-json\/wp\/v2\/media?parent=53"}],"curies":[{"name":"wp","href":"https:\/\/api.w.org\/{rel}","templated":true}]}}