{"id":102,"date":"2017-10-29T13:23:48","date_gmt":"2017-10-29T12:23:48","guid":{"rendered":"http:\/\/domainemahourat.com\/?page_id=102"},"modified":"2025-07-30T14:23:24","modified_gmt":"2025-07-30T12:23:24","slug":"acces","status":"publish","type":"page","link":"http:\/\/domainemahourat.com\/index.php\/acces\/","title":{"rendered":"Acc\u00e8s"},"content":{"rendered":"<p><img loading=\"lazy\" decoding=\"async\" class=\"alignnone size-full wp-image-544\" src=\"http:\/\/domainemahourat.com\/wp-content\/uploads\/2020\/05\/IMG_5120-1.jpg\" alt=\"\" width=\"2048\" height=\"683\" \/><\/p>\n<p style=\"text-align: center;\"><strong>Domaine de MAHOURAT <\/strong><\/p>\n<p style=\"text-align: center;\"><strong>991-993 Route de Mahourat 33760 SAINT-PIERRE-DE- BAT<\/strong><\/p>\n<p>Au c\u0153ur de l\u2019Entre Deux Mers, le Domaine de Mahourat est situ\u00e9 dans la charmante commune de Saint-Pierre-de-Bat, \u00e0 40 kilom\u00e8tres de Bordeaux mais \u00e9galement \u00e0 20 km de Sauternes au sud et 25 km de Saint-\u00c9milion.<\/p>\n<ul>\n<li>A 62 (Bordeaux &lt;-&gt; Toulouse) sortie Cadillac \u00e0 15km<\/li>\n<li>A89 (Bordeaux &lt;-&gt; Lyon) sortie Arveyres\/Cadillac \u00e0 30km<\/li>\n<li>Gare SNCF de C\u00e9rons \u00e0 10km<\/li>\n<li>Gare SNCF de Langon \u00e0 12km<\/li>\n<li>Gare SNCF de Bordeaux \u00e0 40km<\/li>\n<li>A\u00e9roport de Bordeaux M\u00e9rignac \u00e0 50km<\/li>\n<li>A\u00e9roport Bergerac \u00e0 70km<\/li>\n<li>Epicerie, pharmacie, m\u00e9decin \u00e0 moins de 5 minutes du Domaine.<br \/>\nCentre commercial avec de nombreuses boutiques \u00e0 15 minutes.<\/li>\n<\/ul>\n<p style=\"text-align: center;\">\n","protected":false},"excerpt":{"rendered":"<p>Domaine de MAHOURAT 991-993 Route de Mahourat 33760 SAINT-PIERRE-DE- BAT Au c\u0153ur de l\u2019Entre Deux Mers, le Domaine de Mahourat est situ\u00e9 dans la charmante commune de Saint-Pierre-de-Bat, \u00e0 40 kilom\u00e8tres de Bordeaux mais \u00e9galement \u00e0 20 km de Sauternes au sud et 25 km de Saint-\u00c9milion. A 62 (Bordeaux &lt;-&gt; Toulouse) sortie Cadillac \u00e0 &#8230; <span class=\"more\"><a class=\"more-link\" href=\"http:\/\/domainemahourat.com\/index.php\/acces\/\">[Read more&#8230;]<\/a><\/span><\/p>\n","protected":false},"author":1,"featured_media":705,"parent":0,"menu_order":0,"comment_status":"closed","ping_status":"closed","template":"","meta":{"_exactmetrics_skip_tracking":false,"_exactmetrics_sitenote_active":false,"_exactmetrics_sitenote_note":"","_exactmetrics_sitenote_category":0,"footnotes":""},"class_list":{"0":"entry","1":"page","2":"publish","3":"author-admin7767","4":"post-102","6":"has-post-thumbnail"},"_links":{"self":[{"href":"http:\/\/domainemahourat.com\/index.php\/wp-json\/wp\/v2\/pages\/102","targetHints":{"allow":["GET"]}}],"collection":[{"href":"http:\/\/domainemahourat.com\/index.php\/wp-json\/wp\/v2\/pages"}],"about":[{"href":"http:\/\/domainemahourat.com\/index.php\/wp-json\/wp\/v2\/types\/page"}],"author":[{"embeddable":true,"href":"http:\/\/domainemahourat.com\/index.php\/wp-json\/wp\/v2\/users\/1"}],"replies":[{"embeddable":true,"href":"http:\/\/domainemahourat.com\/index.php\/wp-json\/wp\/v2\/comments?post=102"}],"version-history":[{"count":14,"href":"http:\/\/domainemahourat.com\/index.php\/wp-json\/wp\/v2\/pages\/102\/revisions"}],"predecessor-version":[{"id":702,"href":"http:\/\/domainemahourat.com\/index.php\/wp-json\/wp\/v2\/pages\/102\/revisions\/702"}],"wp:featuredmedia":[{"embeddable":true,"href":"http:\/\/domainemahourat.com\/index.php\/wp-json\/wp\/v2\/media\/705"}],"wp:attachment":[{"href":"http:\/\/domainemahourat.com\/index.php\/wp-json\/wp\/v2\/media?parent=102"}],"curies":[{"name":"wp","href":"https:\/\/api.w.org\/{rel}","templated":true}]}}